{"id":975,"date":"2017-05-14T16:27:47","date_gmt":"2017-05-14T16:27:47","guid":{"rendered":"https:\/\/i-fihn.com\/pole-rd-strat-one\/"},"modified":"2021-05-12T13:11:58","modified_gmt":"2021-05-12T13:11:58","slug":"pole-rd-strat-one","status":"publish","type":"page","link":"https:\/\/i-fihn.com\/en\/pole-rd-strat-one\/","title":{"rendered":"R&#038;D Center"},"content":{"rendered":"","protected":false},"excerpt":{"rendered":"","protected":false},"author":1,"featured_media":0,"parent":0,"menu_order":0,"comment_status":"closed","ping_status":"closed","template":"","meta":{"_monsterinsights_skip_tracking":false,"_monsterinsights_sitenote_active":false,"_monsterinsights_sitenote_note":"","_monsterinsights_sitenote_category":0},"yoast_head":"<!-- This site is optimized with the Yoast SEO plugin v17.6 - https:\/\/yoast.com\/wordpress\/plugins\/seo\/ -->\n<title>R&amp;D Center - i-Fihn Consulting<\/title>\n<meta name=\"description\" content=\"i-Fihn Consulting invests in Risk Management issues through its R&amp;D division and its specialized software StratOne.\" \/>\n<meta name=\"robots\" content=\"index, follow, max-snippet:-1, max-image-preview:large, max-video-preview:-1\" \/>\n<link rel=\"canonical\" href=\"https:\/\/i-fihn.com\/en\/pole-rd-strat-one\/\" \/>\n<meta property=\"og:locale\" content=\"en_US\" \/>\n<meta property=\"og:type\" content=\"article\" \/>\n<meta property=\"og:title\" content=\"R&amp;D Center - i-Fihn Consulting\" \/>\n<meta property=\"og:description\" content=\"i-Fihn Consulting invests in Risk Management issues through its R&amp;D division and its specialized software StratOne.\" \/>\n<meta property=\"og:url\" content=\"https:\/\/i-fihn.com\/en\/pole-rd-strat-one\/\" \/>\n<meta property=\"og:site_name\" content=\"i-Fihn Consulting\" \/>\n<meta property=\"article:modified_time\" content=\"2021-05-12T13:11:58+00:00\" \/>\n<meta name=\"twitter:card\" content=\"summary\" \/>\n<script type=\"application\/ld+json\" class=\"yoast-schema-graph\">{\"@context\":\"https:\/\/schema.org\",\"@graph\":[{\"@type\":\"WebSite\",\"@id\":\"https:\/\/i-fihn.com\/#website\",\"url\":\"https:\/\/i-fihn.com\/\",\"name\":\"i-Fihn Consulting\",\"description\":\"Cabinet de Conseil sp\\u00e9cialis\\u00e9 sur les activit\\u00e9s de march\\u00e9\",\"potentialAction\":[{\"@type\":\"SearchAction\",\"target\":{\"@type\":\"EntryPoint\",\"urlTemplate\":\"https:\/\/i-fihn.com\/?s={search_term_string}\"},\"query-input\":\"required name=search_term_string\"}],\"inLanguage\":\"en-US\"},{\"@type\":\"WebPage\",\"@id\":\"https:\/\/i-fihn.com\/en\/pole-rd-strat-one\/#webpage\",\"url\":\"https:\/\/i-fihn.com\/en\/pole-rd-strat-one\/\",\"name\":\"R&D Center - i-Fihn Consulting\",\"isPartOf\":{\"@id\":\"https:\/\/i-fihn.com\/#website\"},\"datePublished\":\"2017-05-14T16:27:47+00:00\",\"dateModified\":\"2021-05-12T13:11:58+00:00\",\"description\":\"i-Fihn Consulting invests in Risk Management issues through its R&D division and its specialized software StratOne.\",\"breadcrumb\":{\"@id\":\"https:\/\/i-fihn.com\/en\/pole-rd-strat-one\/#breadcrumb\"},\"inLanguage\":\"en-US\",\"potentialAction\":[{\"@type\":\"ReadAction\",\"target\":[\"https:\/\/i-fihn.com\/en\/pole-rd-strat-one\/\"]}]},{\"@type\":\"BreadcrumbList\",\"@id\":\"https:\/\/i-fihn.com\/en\/pole-rd-strat-one\/#breadcrumb\",\"itemListElement\":[{\"@type\":\"ListItem\",\"position\":1,\"name\":\"Accueil\",\"item\":\"https:\/\/i-fihn.com\/en\/\"},{\"@type\":\"ListItem\",\"position\":2,\"name\":\"R&#038;D Center\"}]}]}<\/script>\n<!-- \/ Yoast SEO plugin. -->","yoast_head_json":{"title":"R&D Center - i-Fihn Consulting","description":"i-Fihn Consulting invests in Risk Management issues through its R&D division and its specialized software StratOne.","robots":{"index":"index","follow":"follow","max-snippet":"max-snippet:-1","max-image-preview":"max-image-preview:large","max-video-preview":"max-video-preview:-1"},"canonical":"https:\/\/i-fihn.com\/en\/pole-rd-strat-one\/","og_locale":"en_US","og_type":"article","og_title":"R&D Center - i-Fihn Consulting","og_description":"i-Fihn Consulting invests in Risk Management issues through its R&D division and its specialized software StratOne.","og_url":"https:\/\/i-fihn.com\/en\/pole-rd-strat-one\/","og_site_name":"i-Fihn Consulting","article_modified_time":"2021-05-12T13:11:58+00:00","twitter_card":"summary","schema":{"@context":"https:\/\/schema.org","@graph":[{"@type":"WebSite","@id":"https:\/\/i-fihn.com\/#website","url":"https:\/\/i-fihn.com\/","name":"i-Fihn Consulting","description":"Cabinet de Conseil sp\u00e9cialis\u00e9 sur les activit\u00e9s de march\u00e9","potentialAction":[{"@type":"SearchAction","target":{"@type":"EntryPoint","urlTemplate":"https:\/\/i-fihn.com\/?s={search_term_string}"},"query-input":"required name=search_term_string"}],"inLanguage":"en-US"},{"@type":"WebPage","@id":"https:\/\/i-fihn.com\/en\/pole-rd-strat-one\/#webpage","url":"https:\/\/i-fihn.com\/en\/pole-rd-strat-one\/","name":"R&D Center - i-Fihn Consulting","isPartOf":{"@id":"https:\/\/i-fihn.com\/#website"},"datePublished":"2017-05-14T16:27:47+00:00","dateModified":"2021-05-12T13:11:58+00:00","description":"i-Fihn Consulting invests in Risk Management issues through its R&D division and its specialized software StratOne.","breadcrumb":{"@id":"https:\/\/i-fihn.com\/en\/pole-rd-strat-one\/#breadcrumb"},"inLanguage":"en-US","potentialAction":[{"@type":"ReadAction","target":["https:\/\/i-fihn.com\/en\/pole-rd-strat-one\/"]}]},{"@type":"BreadcrumbList","@id":"https:\/\/i-fihn.com\/en\/pole-rd-strat-one\/#breadcrumb","itemListElement":[{"@type":"ListItem","position":1,"name":"Accueil","item":"https:\/\/i-fihn.com\/en\/"},{"@type":"ListItem","position":2,"name":"R&#038;D Center"}]}]}},"_links":{"self":[{"href":"https:\/\/i-fihn.com\/en\/wp-json\/wp\/v2\/pages\/975"}],"collection":[{"href":"https:\/\/i-fihn.com\/en\/wp-json\/wp\/v2\/pages"}],"about":[{"href":"https:\/\/i-fihn.com\/en\/wp-json\/wp\/v2\/types\/page"}],"author":[{"embeddable":true,"href":"https:\/\/i-fihn.com\/en\/wp-json\/wp\/v2\/users\/1"}],"replies":[{"embeddable":true,"href":"https:\/\/i-fihn.com\/en\/wp-json\/wp\/v2\/comments?post=975"}],"version-history":[{"count":1,"href":"https:\/\/i-fihn.com\/en\/wp-json\/wp\/v2\/pages\/975\/revisions"}],"predecessor-version":[{"id":976,"href":"https:\/\/i-fihn.com\/en\/wp-json\/wp\/v2\/pages\/975\/revisions\/976"}],"wp:attachment":[{"href":"https:\/\/i-fihn.com\/en\/wp-json\/wp\/v2\/media?parent=975"}],"curies":[{"name":"wp","href":"https:\/\/api.w.org\/{rel}","templated":true}]}}