{"id":1097,"date":"2017-05-24T14:37:02","date_gmt":"2017-05-24T12:37:02","guid":{"rendered":"https:\/\/i-fihn.com\/contact\/"},"modified":"2021-05-13T10:53:04","modified_gmt":"2021-05-13T08:53:04","slug":"contact","status":"publish","type":"page","link":"https:\/\/i-fihn.com\/en\/contact\/","title":{"rendered":"Contact"},"content":{"rendered":"","protected":false},"excerpt":{"rendered":"","protected":false},"author":1,"featured_media":168,"parent":0,"menu_order":0,"comment_status":"closed","ping_status":"closed","template":"page-templates\/contact-template.php","meta":{"_monsterinsights_skip_tracking":false,"_monsterinsights_sitenote_active":false,"_monsterinsights_sitenote_note":"","_monsterinsights_sitenote_category":0},"yoast_head":"<!-- This site is optimized with the Yoast SEO plugin v17.6 - https:\/\/yoast.com\/wordpress\/plugins\/seo\/ -->\n<title>Contact - i-Fihn Consulting<\/title>\n<meta name=\"robots\" content=\"index, follow, max-snippet:-1, max-image-preview:large, max-video-preview:-1\" \/>\n<link rel=\"canonical\" href=\"https:\/\/i-fihn.com\/en\/contact\/\" \/>\n<meta property=\"og:locale\" content=\"en_US\" \/>\n<meta property=\"og:type\" content=\"article\" \/>\n<meta property=\"og:title\" content=\"Contact - i-Fihn Consulting\" \/>\n<meta property=\"og:url\" content=\"https:\/\/i-fihn.com\/en\/contact\/\" \/>\n<meta property=\"og:site_name\" content=\"i-Fihn Consulting\" \/>\n<meta property=\"article:modified_time\" content=\"2021-05-13T08:53:04+00:00\" \/>\n<meta property=\"og:image\" content=\"https:\/\/i-fihn.com\/wp-content\/uploads\/2017\/05\/pole-conseil.jpg\" \/>\n\t<meta property=\"og:image:width\" content=\"1600\" \/>\n\t<meta property=\"og:image:height\" content=\"371\" \/>\n<meta name=\"twitter:card\" content=\"summary\" \/>\n<script type=\"application\/ld+json\" class=\"yoast-schema-graph\">{\"@context\":\"https:\/\/schema.org\",\"@graph\":[{\"@type\":\"WebSite\",\"@id\":\"https:\/\/i-fihn.com\/#website\",\"url\":\"https:\/\/i-fihn.com\/\",\"name\":\"i-Fihn Consulting\",\"description\":\"Cabinet de Conseil sp\\u00e9cialis\\u00e9 sur les activit\\u00e9s de march\\u00e9\",\"potentialAction\":[{\"@type\":\"SearchAction\",\"target\":{\"@type\":\"EntryPoint\",\"urlTemplate\":\"https:\/\/i-fihn.com\/?s={search_term_string}\"},\"query-input\":\"required name=search_term_string\"}],\"inLanguage\":\"en-US\"},{\"@type\":\"ImageObject\",\"@id\":\"https:\/\/i-fihn.com\/en\/contact\/#primaryimage\",\"inLanguage\":\"en-US\",\"url\":\"https:\/\/i-fihn.com\/wp-content\/uploads\/2017\/05\/pole-conseil.jpg\",\"contentUrl\":\"https:\/\/i-fihn.com\/wp-content\/uploads\/2017\/05\/pole-conseil.jpg\",\"width\":1600,\"height\":371},{\"@type\":\"WebPage\",\"@id\":\"https:\/\/i-fihn.com\/en\/contact\/#webpage\",\"url\":\"https:\/\/i-fihn.com\/en\/contact\/\",\"name\":\"Contact - i-Fihn Consulting\",\"isPartOf\":{\"@id\":\"https:\/\/i-fihn.com\/#website\"},\"primaryImageOfPage\":{\"@id\":\"https:\/\/i-fihn.com\/en\/contact\/#primaryimage\"},\"datePublished\":\"2017-05-24T12:37:02+00:00\",\"dateModified\":\"2021-05-13T08:53:04+00:00\",\"breadcrumb\":{\"@id\":\"https:\/\/i-fihn.com\/en\/contact\/#breadcrumb\"},\"inLanguage\":\"en-US\",\"potentialAction\":[{\"@type\":\"ReadAction\",\"target\":[\"https:\/\/i-fihn.com\/en\/contact\/\"]}]},{\"@type\":\"BreadcrumbList\",\"@id\":\"https:\/\/i-fihn.com\/en\/contact\/#breadcrumb\",\"itemListElement\":[{\"@type\":\"ListItem\",\"position\":1,\"name\":\"Accueil\",\"item\":\"https:\/\/i-fihn.com\/en\/\"},{\"@type\":\"ListItem\",\"position\":2,\"name\":\"Contact\"}]}]}<\/script>\n<!-- \/ Yoast SEO plugin. -->","yoast_head_json":{"title":"Contact - i-Fihn Consulting","robots":{"index":"index","follow":"follow","max-snippet":"max-snippet:-1","max-image-preview":"max-image-preview:large","max-video-preview":"max-video-preview:-1"},"canonical":"https:\/\/i-fihn.com\/en\/contact\/","og_locale":"en_US","og_type":"article","og_title":"Contact - i-Fihn Consulting","og_url":"https:\/\/i-fihn.com\/en\/contact\/","og_site_name":"i-Fihn Consulting","article_modified_time":"2021-05-13T08:53:04+00:00","og_image":[{"width":1600,"height":371,"url":"https:\/\/i-fihn.com\/wp-content\/uploads\/2017\/05\/pole-conseil.jpg","type":"image\/jpeg"}],"twitter_card":"summary","schema":{"@context":"https:\/\/schema.org","@graph":[{"@type":"WebSite","@id":"https:\/\/i-fihn.com\/#website","url":"https:\/\/i-fihn.com\/","name":"i-Fihn Consulting","description":"Cabinet de Conseil sp\u00e9cialis\u00e9 sur les activit\u00e9s de march\u00e9","potentialAction":[{"@type":"SearchAction","target":{"@type":"EntryPoint","urlTemplate":"https:\/\/i-fihn.com\/?s={search_term_string}"},"query-input":"required name=search_term_string"}],"inLanguage":"en-US"},{"@type":"ImageObject","@id":"https:\/\/i-fihn.com\/en\/contact\/#primaryimage","inLanguage":"en-US","url":"https:\/\/i-fihn.com\/wp-content\/uploads\/2017\/05\/pole-conseil.jpg","contentUrl":"https:\/\/i-fihn.com\/wp-content\/uploads\/2017\/05\/pole-conseil.jpg","width":1600,"height":371},{"@type":"WebPage","@id":"https:\/\/i-fihn.com\/en\/contact\/#webpage","url":"https:\/\/i-fihn.com\/en\/contact\/","name":"Contact - i-Fihn Consulting","isPartOf":{"@id":"https:\/\/i-fihn.com\/#website"},"primaryImageOfPage":{"@id":"https:\/\/i-fihn.com\/en\/contact\/#primaryimage"},"datePublished":"2017-05-24T12:37:02+00:00","dateModified":"2021-05-13T08:53:04+00:00","breadcrumb":{"@id":"https:\/\/i-fihn.com\/en\/contact\/#breadcrumb"},"inLanguage":"en-US","potentialAction":[{"@type":"ReadAction","target":["https:\/\/i-fihn.com\/en\/contact\/"]}]},{"@type":"BreadcrumbList","@id":"https:\/\/i-fihn.com\/en\/contact\/#breadcrumb","itemListElement":[{"@type":"ListItem","position":1,"name":"Accueil","item":"https:\/\/i-fihn.com\/en\/"},{"@type":"ListItem","position":2,"name":"Contact"}]}]}},"_links":{"self":[{"href":"https:\/\/i-fihn.com\/en\/wp-json\/wp\/v2\/pages\/1097"}],"collection":[{"href":"https:\/\/i-fihn.com\/en\/wp-json\/wp\/v2\/pages"}],"about":[{"href":"https:\/\/i-fihn.com\/en\/wp-json\/wp\/v2\/types\/page"}],"author":[{"embeddable":true,"href":"https:\/\/i-fihn.com\/en\/wp-json\/wp\/v2\/users\/1"}],"replies":[{"embeddable":true,"href":"https:\/\/i-fihn.com\/en\/wp-json\/wp\/v2\/comments?post=1097"}],"version-history":[{"count":1,"href":"https:\/\/i-fihn.com\/en\/wp-json\/wp\/v2\/pages\/1097\/revisions"}],"predecessor-version":[{"id":1098,"href":"https:\/\/i-fihn.com\/en\/wp-json\/wp\/v2\/pages\/1097\/revisions\/1098"}],"wp:featuredmedia":[{"embeddable":true,"href":"https:\/\/i-fihn.com\/en\/wp-json\/wp\/v2\/media\/168"}],"wp:attachment":[{"href":"https:\/\/i-fihn.com\/en\/wp-json\/wp\/v2\/media?parent=1097"}],"curies":[{"name":"wp","href":"https:\/\/api.w.org\/{rel}","templated":true}]}}