{"id":1010,"date":"2017-05-14T16:27:15","date_gmt":"2017-05-14T14:27:15","guid":{"rendered":"https:\/\/i-fihn.com\/recrutement\/"},"modified":"2021-09-01T10:00:15","modified_gmt":"2021-09-01T08:00:15","slug":"recrutement","status":"publish","type":"page","link":"https:\/\/i-fihn.com\/en\/recrutement\/","title":{"rendered":"Recrutement"},"content":{"rendered":"\n<p>Nos collaborateurs, impliqu\u00e9s au quotidien dans l\u2019\u00e9volution du cabinet, sont les partenaires de notre strat\u00e9gie d\u2019entreprise et d\u00e9finissent, avec nous, notre avenir.<\/p>\n\n\n\n<p>C\u2019est pourquoi, i-Fihn Consulting est toujours \u00e0 la recherche de nouvelles rencontres et de nouvelles personnalit\u00e9s.<\/p>\n\n\n\n<div class=\"wp-block-contact-form-7-contact-form-selector\"><div role=\"form\" class=\"wpcf7\" id=\"wpcf7-f1005-o1\" lang=\"fr-FR\" dir=\"ltr\">\n<div class=\"screen-reader-response\"><p role=\"status\" aria-live=\"polite\" aria-atomic=\"true\"><\/p> <ul><\/ul><\/div>\n<form action=\"\/en\/wp-json\/wp\/v2\/pages\/1010#wpcf7-f1005-o1\" method=\"post\" class=\"wpcf7-form init\" enctype=\"multipart\/form-data\" novalidate=\"novalidate\" data-status=\"init\">\n<div style=\"display: none;\">\n<input type=\"hidden\" name=\"_wpcf7\" value=\"1005\" \/>\n<input type=\"hidden\" name=\"_wpcf7_version\" value=\"5.5.6\" \/>\n<input type=\"hidden\" name=\"_wpcf7_locale\" value=\"fr_FR\" \/>\n<input type=\"hidden\" name=\"_wpcf7_unit_tag\" value=\"wpcf7-f1005-o1\" \/>\n<input type=\"hidden\" name=\"_wpcf7_container_post\" value=\"0\" \/>\n<input type=\"hidden\" name=\"_wpcf7_posted_data_hash\" value=\"\" \/>\n<input type=\"hidden\" name=\"_wpcf7_recaptcha_response\" value=\"\" \/>\n<\/div>\n<p><label> <strong>Pr\u00e9nom<\/strong><br \/>\n    <span class=\"wpcf7-form-control-wrap your-firstname\"><input type=\"text\" name=\"your-firstname\" value=\"\" size=\"40\" class=\"wpcf7-form-control wpcf7-text wpcf7-validates-as-required\" aria-required=\"true\" aria-invalid=\"false\" \/><\/span> <\/label><\/p>\n<p><label> <strong>Nom<\/strong><br \/>\n    <span class=\"wpcf7-form-control-wrap your-lastname\"><input type=\"text\" name=\"your-lastname\" value=\"\" size=\"40\" class=\"wpcf7-form-control wpcf7-text wpcf7-validates-as-required\" aria-required=\"true\" aria-invalid=\"false\" \/><\/span> <\/label><\/p>\n<p><label> <strong>E-mail<\/strong><br \/>\n    <span class=\"wpcf7-form-control-wrap your-email\"><input type=\"email\" name=\"your-email\" value=\"\" size=\"40\" class=\"wpcf7-form-control wpcf7-text wpcf7-email wpcf7-validates-as-required wpcf7-validates-as-email\" aria-required=\"true\" aria-invalid=\"false\" \/><\/span> <\/label><\/p>\n<p><label> <strong>T\u00e9l\u00e9phone<\/strong><br \/>\n    <span class=\"wpcf7-form-control-wrap your-tel\"><input type=\"tel\" name=\"your-tel\" value=\"\" size=\"40\" class=\"wpcf7-form-control wpcf7-text wpcf7-tel wpcf7-validates-as-required wpcf7-validates-as-tel\" aria-required=\"true\" aria-invalid=\"false\" \/><\/span> <\/label><\/p>\n<p><label> <strong>CV<\/strong><br \/>\n    <span class=\"wpcf7-form-control-wrap your-cv\"><input type=\"file\" name=\"your-cv\" size=\"40\" class=\"wpcf7-form-control wpcf7-file wpcf7-validates-as-required\" accept=\".jpg,.jpeg,.png,.gif,.pdf,.doc,.docx,.ppt,.pptx,.odt,.avi,.ogg,.m4a,.mov,.mp3,.mp4,.mpg,.wav,.wmv\" aria-required=\"true\" aria-invalid=\"false\" \/><\/span> <\/label><\/p>\n<p><label> <strong>Poste<\/strong><\/label><br \/>\n<span class=\"wpcf7-form-control-wrap your-job\"><select name=\"your-job\" class=\"wpcf7-form-control wpcf7-select wpcf7-validates-as-required\" aria-required=\"true\" aria-invalid=\"false\"><option value=\"MOA Data \u2013 Asset Management\">MOA Data \u2013 Asset Management<\/option><option value=\"Analyste Quantitatif \/ Front Office\">Analyste Quantitatif \/ Front Office<\/option><option value=\"Analyste Quantitatif \/ Risque\">Analyste Quantitatif \/ Risque<\/option><option value=\"Analyste Quantitatif \/ Validation de Mod\u00e8les\">Analyste Quantitatif \/ Validation de Mod\u00e8les<\/option><option value=\"Business Analyst \/ Attribution de Performance\">Business Analyst \/ Attribution de Performance<\/option><option value=\"Risk Business Analyst\">Risk Business Analyst<\/option><option value=\"Business Analyst \/ Risque de cr\u00e9dit ou de contrepartie\">Business Analyst \/ Risque de cr\u00e9dit ou de contrepartie<\/option><option value=\"Business Analyst \/ Risque de march\u00e9\">Business Analyst \/ Risque de march\u00e9<\/option><option value=\"IT Quant\">IT Quant<\/option><option value=\"IT Quant \/ Commando C#\">IT Quant \/ Commando C#<\/option><option value=\"Candidature spontan\u00e9e\">Candidature spontan\u00e9e<\/option><\/select><\/span><\/p>\n<p><label> <strong>Message<\/strong><br \/>\n<span class=\"wpcf7-form-control-wrap your-message\"><textarea name=\"your-message\" cols=\"40\" rows=\"10\" class=\"wpcf7-form-control wpcf7-textarea\" aria-invalid=\"false\"><\/textarea><\/span><\/label><\/p>\n<p><input type=\"submit\" value=\"Envoyer\" class=\"wpcf7-form-control has-spinner wpcf7-submit\" \/><\/p>\n<p style=\"display: none !important;\"><label>&#916;<textarea name=\"_wpcf7_ak_hp_textarea\" cols=\"45\" rows=\"8\" maxlength=\"100\"><\/textarea><\/label><input type=\"hidden\" id=\"ak_js_1\" name=\"_wpcf7_ak_js\" value=\"10\"\/><script>document.getElementById( \"ak_js_1\" ).setAttribute( \"value\", ( new Date() ).getTime() );<\/script><\/p><div class=\"wpcf7-response-output\" aria-hidden=\"true\"><\/div><\/form><\/div><\/div>\n","protected":false},"excerpt":{"rendered":"<p>Nos collaborateurs, impliqu\u00e9s au quotidien dans l\u2019\u00e9volution du cabinet, sont les partenaires de notre strat\u00e9gie d\u2019entreprise et d\u00e9finissent, avec nous, notre avenir. C\u2019est pourquoi, i-Fihn Consulting est toujours \u00e0 la recherche de nouvelles rencontres et de nouvelles personnalit\u00e9s.<\/p>\n","protected":false},"author":1,"featured_media":0,"parent":0,"menu_order":0,"comment_status":"closed","ping_status":"closed","template":"page-templates\/recrutement-template.php","meta":{"_monsterinsights_skip_tracking":false,"_monsterinsights_sitenote_active":false,"_monsterinsights_sitenote_note":"","_monsterinsights_sitenote_category":0},"yoast_head":"<!-- This site is optimized with the Yoast SEO plugin v17.6 - https:\/\/yoast.com\/wordpress\/plugins\/seo\/ -->\n<title>Recrutement - i-Fihn Consulting<\/title>\n<meta name=\"description\" content=\"i-Fihn est \u00e0 la recherche de consultants Finance issus de grandes \u00e9coles d&#039;ing\u00e9nieur ou de commerce, exp\u00e9riment\u00e9s ou d\u00e9butants.\" \/>\n<meta name=\"robots\" content=\"index, follow, max-snippet:-1, max-image-preview:large, max-video-preview:-1\" \/>\n<link rel=\"canonical\" href=\"https:\/\/i-fihn.com\/en\/recrutement\/\" \/>\n<meta property=\"og:locale\" content=\"en_US\" \/>\n<meta property=\"og:type\" content=\"article\" \/>\n<meta property=\"og:title\" content=\"Recrutement - i-Fihn Consulting\" \/>\n<meta property=\"og:description\" content=\"i-Fihn est \u00e0 la recherche de consultants Finance issus de grandes \u00e9coles d&#039;ing\u00e9nieur ou de commerce, exp\u00e9riment\u00e9s ou d\u00e9butants.\" \/>\n<meta property=\"og:url\" content=\"https:\/\/i-fihn.com\/en\/recrutement\/\" \/>\n<meta property=\"og:site_name\" content=\"i-Fihn Consulting\" \/>\n<meta property=\"article:modified_time\" content=\"2021-09-01T08:00:15+00:00\" \/>\n<meta name=\"twitter:card\" content=\"summary\" \/>\n<meta name=\"twitter:label1\" content=\"Est. reading time\" \/>\n\t<meta name=\"twitter:data1\" content=\"1 minute\" \/>\n<script type=\"application\/ld+json\" class=\"yoast-schema-graph\">{\"@context\":\"https:\/\/schema.org\",\"@graph\":[{\"@type\":\"WebSite\",\"@id\":\"https:\/\/i-fihn.com\/#website\",\"url\":\"https:\/\/i-fihn.com\/\",\"name\":\"i-Fihn Consulting\",\"description\":\"Cabinet de Conseil sp\\u00e9cialis\\u00e9 sur les activit\\u00e9s de march\\u00e9\",\"potentialAction\":[{\"@type\":\"SearchAction\",\"target\":{\"@type\":\"EntryPoint\",\"urlTemplate\":\"https:\/\/i-fihn.com\/?s={search_term_string}\"},\"query-input\":\"required name=search_term_string\"}],\"inLanguage\":\"en-US\"},{\"@type\":\"WebPage\",\"@id\":\"https:\/\/i-fihn.com\/en\/recrutement\/#webpage\",\"url\":\"https:\/\/i-fihn.com\/en\/recrutement\/\",\"name\":\"Recrutement - i-Fihn Consulting\",\"isPartOf\":{\"@id\":\"https:\/\/i-fihn.com\/#website\"},\"datePublished\":\"2017-05-14T14:27:15+00:00\",\"dateModified\":\"2021-09-01T08:00:15+00:00\",\"description\":\"i-Fihn est \\u00e0 la recherche de consultants Finance issus de grandes \\u00e9coles d'ing\\u00e9nieur ou de commerce, exp\\u00e9riment\\u00e9s ou d\\u00e9butants.\",\"breadcrumb\":{\"@id\":\"https:\/\/i-fihn.com\/en\/recrutement\/#breadcrumb\"},\"inLanguage\":\"en-US\",\"potentialAction\":[{\"@type\":\"ReadAction\",\"target\":[\"https:\/\/i-fihn.com\/en\/recrutement\/\"]}]},{\"@type\":\"BreadcrumbList\",\"@id\":\"https:\/\/i-fihn.com\/en\/recrutement\/#breadcrumb\",\"itemListElement\":[{\"@type\":\"ListItem\",\"position\":1,\"name\":\"Accueil\",\"item\":\"https:\/\/i-fihn.com\/en\/\"},{\"@type\":\"ListItem\",\"position\":2,\"name\":\"Recrutement\"}]}]}<\/script>\n<!-- \/ Yoast SEO plugin. -->","yoast_head_json":{"title":"Recrutement - i-Fihn Consulting","description":"i-Fihn est \u00e0 la recherche de consultants Finance issus de grandes \u00e9coles d'ing\u00e9nieur ou de commerce, exp\u00e9riment\u00e9s ou d\u00e9butants.","robots":{"index":"index","follow":"follow","max-snippet":"max-snippet:-1","max-image-preview":"max-image-preview:large","max-video-preview":"max-video-preview:-1"},"canonical":"https:\/\/i-fihn.com\/en\/recrutement\/","og_locale":"en_US","og_type":"article","og_title":"Recrutement - i-Fihn Consulting","og_description":"i-Fihn est \u00e0 la recherche de consultants Finance issus de grandes \u00e9coles d'ing\u00e9nieur ou de commerce, exp\u00e9riment\u00e9s ou d\u00e9butants.","og_url":"https:\/\/i-fihn.com\/en\/recrutement\/","og_site_name":"i-Fihn Consulting","article_modified_time":"2021-09-01T08:00:15+00:00","twitter_card":"summary","twitter_misc":{"Est. reading time":"1 minute"},"schema":{"@context":"https:\/\/schema.org","@graph":[{"@type":"WebSite","@id":"https:\/\/i-fihn.com\/#website","url":"https:\/\/i-fihn.com\/","name":"i-Fihn Consulting","description":"Cabinet de Conseil sp\u00e9cialis\u00e9 sur les activit\u00e9s de march\u00e9","potentialAction":[{"@type":"SearchAction","target":{"@type":"EntryPoint","urlTemplate":"https:\/\/i-fihn.com\/?s={search_term_string}"},"query-input":"required name=search_term_string"}],"inLanguage":"en-US"},{"@type":"WebPage","@id":"https:\/\/i-fihn.com\/en\/recrutement\/#webpage","url":"https:\/\/i-fihn.com\/en\/recrutement\/","name":"Recrutement - i-Fihn Consulting","isPartOf":{"@id":"https:\/\/i-fihn.com\/#website"},"datePublished":"2017-05-14T14:27:15+00:00","dateModified":"2021-09-01T08:00:15+00:00","description":"i-Fihn est \u00e0 la recherche de consultants Finance issus de grandes \u00e9coles d'ing\u00e9nieur ou de commerce, exp\u00e9riment\u00e9s ou d\u00e9butants.","breadcrumb":{"@id":"https:\/\/i-fihn.com\/en\/recrutement\/#breadcrumb"},"inLanguage":"en-US","potentialAction":[{"@type":"ReadAction","target":["https:\/\/i-fihn.com\/en\/recrutement\/"]}]},{"@type":"BreadcrumbList","@id":"https:\/\/i-fihn.com\/en\/recrutement\/#breadcrumb","itemListElement":[{"@type":"ListItem","position":1,"name":"Accueil","item":"https:\/\/i-fihn.com\/en\/"},{"@type":"ListItem","position":2,"name":"Recrutement"}]}]}},"_links":{"self":[{"href":"https:\/\/i-fihn.com\/en\/wp-json\/wp\/v2\/pages\/1010"}],"collection":[{"href":"https:\/\/i-fihn.com\/en\/wp-json\/wp\/v2\/pages"}],"about":[{"href":"https:\/\/i-fihn.com\/en\/wp-json\/wp\/v2\/types\/page"}],"author":[{"embeddable":true,"href":"https:\/\/i-fihn.com\/en\/wp-json\/wp\/v2\/users\/1"}],"replies":[{"embeddable":true,"href":"https:\/\/i-fihn.com\/en\/wp-json\/wp\/v2\/comments?post=1010"}],"version-history":[{"count":7,"href":"https:\/\/i-fihn.com\/en\/wp-json\/wp\/v2\/pages\/1010\/revisions"}],"predecessor-version":[{"id":1326,"href":"https:\/\/i-fihn.com\/en\/wp-json\/wp\/v2\/pages\/1010\/revisions\/1326"}],"wp:attachment":[{"href":"https:\/\/i-fihn.com\/en\/wp-json\/wp\/v2\/media?parent=1010"}],"curies":[{"name":"wp","href":"https:\/\/api.w.org\/{rel}","templated":true}]}}